{"id":9975,"date":"2020-12-19T14:00:25","date_gmt":"2020-12-19T13:00:25","guid":{"rendered":"https:\/\/www.snslp.sk\/about-us-2\/spravna-rada\/"},"modified":"2026-03-09T09:25:47","modified_gmt":"2026-03-09T08:25:47","slug":"spravna-rada","status":"publish","type":"page","link":"https:\/\/www.snslp.sk\/en\/about-us-2\/spravna-rada\/","title":{"rendered":"Spr\u00e1vna rada"},"content":{"rendered":"\n<p class=\"has-text-align-left\">Spr\u00e1vna rada je <a href=\"https:\/\/www.zakonypreludi.sk\/zz\/1993-308\">org\u00e1nom Strediska<\/a>. M\u00e1 dev\u00e4\u0165 \u010dlenov, ktor\u00ed sa vyberaj\u00fa z os\u00f4b po\u017e\u00edvaj\u00facich prirodzen\u00fa autoritu a d\u00f4veru v oblasti ochrany \u013eudsk\u00fdch pr\u00e1v.&nbsp;\u010clenmi a \u010dlenkami Spr\u00e1vnej rady s\u00fa:<\/p>\n\n\n\n<div style=\"height:12px\" aria-hidden=\"true\" class=\"wp-block-spacer\"><\/div>\n\n\n\n<div class=\"bcg-box blue-bcg\"><p><strong>1, <span class=\"has-inline-color\">JUDr. \u013dubica Saktorov\u00e1, PhD., LL.M., M.A<br \/>\n<\/span><\/strong><span class=\"has-inline-color\">vymenovan\u00e1 predsedom N\u00e1rodnej rady Slovenskej republiky od 30.09.2025 do 30.09.2028<\/span><span class=\"has-inline-color\"><br \/>\n<\/span><span class=\"has-inline-color\">(II. funk\u010dn\u00e9 obdobie)<\/span><\/p>\n<p><em>predsedn\u00ed\u010dka Spr\u00e1vnej rady od 24.10.2025<\/em><\/p>\n<\/div>\n\n \n\n\n<div style=\"height:11px\" aria-hidden=\"true\" class=\"wp-block-spacer\"><\/div>\n\n\n\n<div class=\"bcg-box blue-bcg\"><p><strong><span class=\"has-inline-color\">2, JUDr. Simona Du\u0161ekov\u00e1 Schusztekov\u00e1, PhD., LL.M.<br \/>\n<\/span><\/strong><span class=\"has-inline-color\">vymenovan\u00e1 dekanom fakulty Univerzity Mateja Bela v Banskej Bystrici od 01.10.2025 do 01.10.2028<br \/>\n(I. funk\u010dn\u00e9 obdobie)<\/span><\/p>\n<p><span class=\"has-inline-color\"><em>podpredsedn\u00ed\u010dka Spr\u00e1vnej rady od 06.03.2026<\/em><\/span><strong><span class=\"has-inline-color\"><br \/>\n<\/span><\/strong><\/p>\n<\/div>\n\n \n\n\n<div style=\"height:12px\" aria-hidden=\"true\" class=\"wp-block-spacer\"><\/div>\n\n\n\n<div class=\"bcg-box blue-bcg\"><p><strong><span class=\"has-inline-color\">3,<\/span><\/strong> <strong>Mgr. et Mgr. Martin Macko<\/strong><br \/>\nvymenovan\u00fd predsedom vl\u00e1dy SR na n\u00e1vrh mimovl\u00e1dnych organiz\u00e1ci\u00ed od 20.10.2023 do 20.10.2026<br data-rich-text-line-break=\"true\" \/>(<span class=\"has-inline-color\" data-rich-text-format-boundary=\"true\">I. funk\u010dn\u00e9 obdobie<\/span>)<\/p>\n<\/div>\n\n \n\n\n<div style=\"height:12px\" aria-hidden=\"true\" class=\"wp-block-spacer\"><\/div>\n\n\n\n<div class=\"bcg-box blue-bcg\"><p><strong><span class=\"has-inline-color\" data-rich-text-format-boundary=\"true\">4<\/span><\/strong><span class=\"has-inline-color\" data-rich-text-format-boundary=\"true\"><strong>, JUDr. Daniela Lama\u010dkov\u00e1, PhD.<\/strong><br \/>\n<\/span><span class=\"has-inline-color\" data-rich-text-format-boundary=\"true\">vymenovan\u00e1<\/span> dekanom Pr\u00e1vnickej fakulty Univerzity Pavla Jozefa \u0160af\u00e1rika v Ko\u0161iciach od 07.12.2023 do 07.12.2026<br \/>\n(1. funk\u010dn\u00e9 obdobie)<\/p>\n<\/div>\n\n \n\n\n<div style=\"height:11px\" aria-hidden=\"true\" class=\"wp-block-spacer\"><\/div>\n\n\n\n<div class=\"bcg-box blue-bcg\"><p><strong><span class=\"has-inline-color\" data-rich-text-format-boundary=\"true\">5, <\/span><\/strong><span class=\"has-inline-color\" data-rich-text-format-boundary=\"true\"><strong>Mgr. Janka Debrec\u00e9niov\u00e1, MJur, PhD.<\/strong><br \/>\n<\/span>vymenovan\u00e1 dekankou Pr\u00e1vnickej fakulty Trnavskej univerzity v Trnave od 15.04.2024 do 15.04.2027<br \/>\n(I. funk\u010dn\u00e9 obdobie)<\/p>\n<\/div>\n\n \n\n\n<div style=\"height:12px\" aria-hidden=\"true\" class=\"wp-block-spacer\"><\/div>\n\n\n\n<div class=\"bcg-box blue-bcg\"><p><strong><span class=\"has-inline-color\">6<\/span><span class=\"has-inline-color\">, doc. Mgr. Martin Da\u0148ko, PhD.<br \/>\n<\/span><\/strong>vymenovan\u00fd dekanom Pr\u00e1vnickej fakulty Univerzity Komensk\u00e9ho v Bratislave od 11.07.2024 do 11.07.2027<br \/>\n(I. funk\u010dn\u00e9 obdobie)<\/p>\n<\/div>\n\n \n\n\n<div style=\"height:12px\" aria-hidden=\"true\" class=\"wp-block-spacer\"><\/div>\n\n\n\n<div class=\"bcg-box blue-bcg\"><p><strong>7, PaedDr. Danica Lehock\u00e1, PhD.<br \/>\n<\/strong>vymenovan\u00e1 ministrom pr\u00e1ce, soci\u00e1lnych vec\u00ed a rodiny Slovenskej republiky od 19.03.2025 do 19.03.2028<br data-rich-text-line-break=\"true\" \/>(I. funk\u010dn\u00e9 obdobie)<\/p>\n<\/div>\n\n \n\n\n<div style=\"height:12px\" aria-hidden=\"true\" class=\"wp-block-spacer\"><\/div>\n\n\n\n<div class=\"bcg-box blue-bcg\"><p><b>8, <strong>JUDr. Peter Vodr\u00e1\u0161ka, LL.M.<br \/>\n<\/strong><\/b>vymenovan\u00fd prezidentom Slovenskej republiky od 08.09.2025 do 08.09.2028<br \/>\n<span class=\"has-inline-color\" data-rich-text-format-boundary=\"true\">(II. funk\u010dn\u00e9 obdobie)<\/span><\/p>\n<\/div>\n\n \n\n\n<div style=\"height:12px\" aria-hidden=\"true\" class=\"wp-block-spacer\"><\/div>\n\n\n\n<div style=\"height:12px\" aria-hidden=\"true\" class=\"wp-block-spacer\"><\/div>\n\n\n\n<div style=\"height:12px\" aria-hidden=\"true\" class=\"wp-block-spacer\"><\/div>\n\n\n\n<div class=\"bcg-box blue-bcg\"><p style=\"text-align: left;\"><strong>9, Mgr. Roman Lysina, PhD.<br \/>\n<\/strong>vymenovan\u00fd Verejn\u00fdm ochrancom pr\u00e1v od 01.02.2026 do 01.02.2029<br \/>\n<span class=\"has-inline-color\">(I. funk\u010dn\u00e9 obdobie)<\/span><\/p>\n<\/div>\n\n \n\n\n<h3 class=\"has-vivid-cyan-blue-color has-text-color\">Rokovac\u00ed poriadok:<\/h3>\n\n\n\n\n    <table class=\"document-uploads\">\n    <thead>\n    <tr>\n        <th><\/th>\n        <th><\/th>\n        <th><\/th>\n    <\/tr>\n    <\/thead>\n \n    \n                        \n        <tr>\n            <td class='upload-icon'>\n                <a rel=\"nofollow\" href=\"\/\/docreader.readspeaker.com\/docreader\/?cid=cgcng&amp;lang=sk_sk&amp;voice=Jakub&amp;url=https:\/\/www.snslp.sk\/wp-content\/uploads\/Rokovaci-poriadok-1.maj-2022-1.pdf\" onclick=\"window.open(this.href, 'dcrwin'); return false;\" title=\"Otvori\u0165 dokument pomocou ReadSpeaker docReader\" style=\"text-decoration: none; margin-left: 6px; color: #05385e; font-weight: bold;\"> <img src=\"https:\/\/www.snslp.sk\/wp-content\/themes\/foxili\/img\/readspeaker.gif\" style=\"border-style: none; vertical-align: text-bottom;\" alt=\"ReadSpeaker\"> Po\u010d\u00favajte<\/a>\n                <img class='pdf-icon' src='https:\/\/www.snslp.sk\/wp-content\/themes\/foxili\/img\/svg\/stiahnutie-ikona.svg'\/>\n            <\/td>\n            <td><a href='https:\/\/www.snslp.sk\/wp-content\/uploads\/Rokovaci-poriadok-1.maj-2022-1.pdf' target='_BLANK'>Rokovac\u00ed poriadok Spr\u00e1vnej rady SNS\u013dP<\/a><\/td>\n            <td>01.05.2022<\/td>\n        <\/tr>\n\n        \n        <\/table>\n    \n \n\n\n<p><\/p>\n\n\n\n<p id=\"block-d517ada5-ecbc-4f28-ba90-ad7b4a99b949\"><strong>Tajomn\u00ed\u010dka Spr\u00e1vnej rady<\/strong><\/p>\n\n\n\n<p id=\"block-5f3bc2fe-92f2-4b9c-870c-c3494d6065ad\">Jana Bubni\u010dov\u00e1<br><a href=\"mailto:info@snslp.sk\"><\/a><a href=\"mailto:bubnicova@snslp.sk\">bubnicova@snslp.sk<\/a><br><a href=\"tel:0220850114\">02\/208 501 14<\/a><\/p>\n","protected":false},"excerpt":{"rendered":"<p>Spr\u00e1vna rada je org\u00e1nom Strediska. M\u00e1 dev\u00e4\u0165 \u010dlenov, ktor\u00ed sa vyberaj\u00fa z os\u00f4b po\u017e\u00edvaj\u00facich prirodzen\u00fa autoritu a d\u00f4veru v oblasti ochrany \u013eudsk\u00fdch pr\u00e1v.&nbsp;\u010clenmi a \u010dlenkami Spr\u00e1vnej rady s\u00fa: Rokovac\u00ed poriadok: Tajomn\u00ed\u010dka Spr\u00e1vnej rady Jana Bubni\u010dov\u00e1bubnicova@snslp.sk02\/208 501 14<\/p>\n","protected":false},"author":1,"featured_media":0,"parent":5184,"menu_order":3,"comment_status":"closed","ping_status":"closed","template":"","meta":[],"categories":[],"_links":{"self":[{"href":"https:\/\/www.snslp.sk\/en\/wp-json\/wp\/v2\/pages\/9975"}],"collection":[{"href":"https:\/\/www.snslp.sk\/en\/wp-json\/wp\/v2\/pages"}],"about":[{"href":"https:\/\/www.snslp.sk\/en\/wp-json\/wp\/v2\/types\/page"}],"author":[{"embeddable":true,"href":"https:\/\/www.snslp.sk\/en\/wp-json\/wp\/v2\/users\/1"}],"replies":[{"embeddable":true,"href":"https:\/\/www.snslp.sk\/en\/wp-json\/wp\/v2\/comments?post=9975"}],"version-history":[{"count":54,"href":"https:\/\/www.snslp.sk\/en\/wp-json\/wp\/v2\/pages\/9975\/revisions"}],"predecessor-version":[{"id":15279,"href":"https:\/\/www.snslp.sk\/en\/wp-json\/wp\/v2\/pages\/9975\/revisions\/15279"}],"up":[{"embeddable":true,"href":"https:\/\/www.snslp.sk\/en\/wp-json\/wp\/v2\/pages\/5184"}],"wp:attachment":[{"href":"https:\/\/www.snslp.sk\/en\/wp-json\/wp\/v2\/media?parent=9975"}],"wp:term":[{"taxonomy":"category","embeddable":true,"href":"https:\/\/www.snslp.sk\/en\/wp-json\/wp\/v2\/categories?post=9975"}],"curies":[{"name":"wp","href":"https:\/\/api.w.org\/{rel}","templated":true}]}}