{"id":14776,"date":"2025-10-13T14:53:08","date_gmt":"2025-10-13T12:53:08","guid":{"rendered":"https:\/\/www.snslp.sk\/?page_id=14776"},"modified":"2025-10-13T15:14:56","modified_gmt":"2025-10-13T13:14:56","slug":"presentations-violet-expert-seminar","status":"publish","type":"page","link":"https:\/\/www.snslp.sk\/en\/presentations-violet-expert-seminar\/","title":{"rendered":"Presentations &#8211; VIOLET expert seminar"},"content":{"rendered":"\n<p>These are presentations from the seminar<em> From Insight to Impact: New Directions in Sexual Harassment Research<\/em> held in Bratislava on 16 &#8211; 17 September 2025.<\/p>\n\n\n\n<p>The files are in .pptx format<\/p>\n\n\n\n<ul><li><a href=\"https:\/\/www.snslp.sk\/wp-content\/uploads\/Violet_Opening-Sylvia-Porubanova.pptx\">Opening<\/a> &#8211; Sylvia Porub\u00e4nov\u00e1<\/li><li><a href=\"https:\/\/www.snslp.sk\/wp-content\/uploads\/Violet_master-prez-Day-1-and-2-including-summary-for-Session-6.pptx\">Day 1 and 2<\/a> including summary for Session 6<\/li><li><a href=\"https:\/\/www.snslp.sk\/wp-content\/uploads\/Day-1-Session-1-Alexandrina-EU-GBV-Survey_SHW_EQUINET.pptx\">Day 1 Session 1<\/a> &#8211; Alexandrina Satnoianu (EIGE)<\/li><li><a href=\"https:\/\/www.snslp.sk\/wp-content\/uploads\/Day-1-Session-1-FRA-EU-GBV-presentation-SKNHRI_16-Sep-2025.pptx\">Day 1 Session 1<\/a> &#8211; Eva-Esther Sobotka (FRA)<\/li><li><a href=\"https:\/\/www.snslp.sk\/wp-content\/uploads\/Day-1-Session-2-PPT-Marta-Pompili-Equality-Bodies-Role-in-Tackling-Workplace-Sexual-Harassment.pptx\">Day 1 Session 2<\/a> &#8211; Marta Pompili (Equinet)<\/li><li><a href=\"https:\/\/www.snslp.sk\/wp-content\/uploads\/Day-1-Session-2-Sexual-Harassment-Sept.-2025_Ilieva.pptx\">Day 1 Session 2<\/a> &#8211; Margarita S. Ilieva<\/li><li><a href=\"https:\/\/www.snslp.sk\/wp-content\/uploads\/Day-1-Session-4-Decent-Work-and-GBVH.pptx\">Day 1 Session 4<\/a> &#8211; Nuno Rebelo dos Santos (University of Evora) &amp; Leonor Pais (University of Coimbra)<\/li><li><a href=\"https:\/\/www.snslp.sk\/wp-content\/uploads\/Day-1-Session-4-Gotthardova_SHW.pptx\">Day 1 Session 4<\/a> &#8211; Kristina Gotthardov\u00e1 (CELSI)<\/li><li><a href=\"https:\/\/www.snslp.sk\/wp-content\/uploads\/Day-1-Session-4-Lessons-from-UniSAFE-_FINAL_16_09_2025.pptx\">Day 1 Session 4<\/a> &#8211; Vilana Pilinkaite Sotirovic (Lithuanian Social Science Centre)<\/li><li><a href=\"https:\/\/www.snslp.sk\/wp-content\/uploads\/Day-2-Session-5_Dace_SH_survey_Latvia_2025.pptx\">Day 2 Session 5<\/a> &#8211; Dace C\u0101l\u012bte (Public Defender of Rights Latvia)<\/li><li><a href=\"https:\/\/www.snslp.sk\/wp-content\/uploads\/Day-2-Session-5_Copy-of-prezantimi-VIOLET_1.pptx\">Day 2 Session 5<\/a> &#8211; Alma Lahe (Together for Life)<\/li><li><a href=\"https:\/\/www.snslp.sk\/wp-content\/uploads\/Day-2-Session-5_PPT-CITE-assedio_2.pptx\">Day 2 Session 5<\/a> &#8211; Maria do Ros\u00e1rio Fidalgo (CITE)<\/li><li><a href=\"https:\/\/www.snslp.sk\/wp-content\/uploads\/Day-2-Session-5_SNCHR_health-care.pptx\">Day 2 Session 5<\/a> &#8211; Michaela Ujh\u00e1zyov\u00e1 (SNCHR)<\/li><li><a href=\"https:\/\/www.snslp.sk\/wp-content\/uploads\/Day-2-Session-7-expert-group-and-toolkit-development.pptx\">Day 2 Session 7<\/a> &#8211; Anna M\u00e1ri\u00e1ssyov\u00e1 (SNCHR): Development of the toolkit<\/li><\/ul>\n","protected":false},"excerpt":{"rendered":"<p>These are presentations from the seminar From Insight to Impact: New Directions in Sexual Harassment Research held in Bratislava on 16 &#8211; 17 September 2025. The files are in .pptx format Opening &#8211; Sylvia Porub\u00e4nov\u00e1 Day 1 and 2 including summary for Session 6 Day 1 Session 1 &#8211; Alexandrina Satnoianu (EIGE) Day 1 Session [&hellip;]<\/p>\n","protected":false},"author":3,"featured_media":0,"parent":0,"menu_order":0,"comment_status":"closed","ping_status":"closed","template":"","meta":[],"categories":[],"_links":{"self":[{"href":"https:\/\/www.snslp.sk\/en\/wp-json\/wp\/v2\/pages\/14776"}],"collection":[{"href":"https:\/\/www.snslp.sk\/en\/wp-json\/wp\/v2\/pages"}],"about":[{"href":"https:\/\/www.snslp.sk\/en\/wp-json\/wp\/v2\/types\/page"}],"author":[{"embeddable":true,"href":"https:\/\/www.snslp.sk\/en\/wp-json\/wp\/v2\/users\/3"}],"replies":[{"embeddable":true,"href":"https:\/\/www.snslp.sk\/en\/wp-json\/wp\/v2\/comments?post=14776"}],"version-history":[{"count":8,"href":"https:\/\/www.snslp.sk\/en\/wp-json\/wp\/v2\/pages\/14776\/revisions"}],"predecessor-version":[{"id":14823,"href":"https:\/\/www.snslp.sk\/en\/wp-json\/wp\/v2\/pages\/14776\/revisions\/14823"}],"wp:attachment":[{"href":"https:\/\/www.snslp.sk\/en\/wp-json\/wp\/v2\/media?parent=14776"}],"wp:term":[{"taxonomy":"category","embeddable":true,"href":"https:\/\/www.snslp.sk\/en\/wp-json\/wp\/v2\/categories?post=14776"}],"curies":[{"name":"wp","href":"https:\/\/api.w.org\/{rel}","templated":true}]}}